{"id":7,"date":"2020-10-08T16:46:28","date_gmt":"2020-10-08T19:46:28","guid":{"rendered":"http:\/\/localhost\/premio-grao-musica\/?page_id=7"},"modified":"2023-10-26T06:44:15","modified_gmt":"2023-10-26T09:44:15","slug":"grao-de-musica","status":"publish","type":"page","link":"https:\/\/premiograodemusica.com.br\/es\/grao-de-musica\/","title":{"rendered":"Gr\u00e3o de M\u00fasica"},"content":{"rendered":"\n<p><strong>PR\u00caMIO GR\u00c3O DE M\u00daSICA<\/strong><\/p>\n\n\n\n<p>El <strong>Pr\u00eamio Gr\u00e3o de M\u00fasica<\/strong> es un espacio de valorizaci\u00f3n y promoci\u00f3n de la m\u00fasica brasile\u00f1a de todas las regiones del pa\u00eds y, especialmente, de los y de las artistas que la representan.<\/p>\n\n\n\n<p>Creado por la cantautora Socorro Lira, tuvo su primera edici\u00f3n en noviembre de 2014 en ceremonia realizada en la ciudad de Salvador \u2013 Bahia.<\/p>\n\n\n\n<p>Est\u00e1 totalmente dedicado a la m\u00fasica popular brasile\u00f1a y tiene una edici\u00f3n anual. Los ganadores y ganadoras reciben un trofeo creado por el artista visual Elifas Andreato, una escultura en bronce macizo sobre una base de m\u00e1rmol y participan de la obra conjunta Gr\u00e3o de M\u00fasica, un CD de canciones ideado para fines, exclusivamente, promocionales. Adem\u00e1s, son puestos a disposici\u00f3n del p\u00fablico en formato digital a trav\u00e9s del website oficial del PGM y, a partir de 2021, ser\u00e1n distribuidas por la Tratore en todas las plataformas digitales.<\/p>\n\n\n\n<p><strong>OBRAS E TRAYECTORIAS<\/strong><\/p>\n\n\n\n<p>La elecci\u00f3n de los contemplados y contempladas es realizada por invitaci\u00f3n de la comisi\u00f3n organizadora del <strong>Pr\u00eamio Gr\u00e3o de M\u00fasica<\/strong> y pasa por criterios definidos por la coordinaci\u00f3n. Con ellos se garantiza que se cumplan los objetivos principales del galard\u00f3n y obedecen a directrices b\u00e1sicas que pueden ser consultadas en el Web site <a href=\"https:\/\/premiograodemusica.com.br\/diretrizes\/\">https:\/\/premiograodemusica.com.br\/diretrizes\/<\/a><\/p>\n\n\n\n<p>El principal prop\u00f3sito del PGM es identificar, refrendar y promover la obra art\u00edstica y la trayectoria de creadores y creadoras de la canci\u00f3n brasile\u00f1a contempor\u00e1nea. De ese modo, se consolida como lugar privilegiado de afirmaci\u00f3n del arte esencial que corrobora para el desarrollo humano, para la formaci\u00f3n de una sociedad reflexiva y cr\u00edtica. Dotada de valores elevados, con la finalidad de alcanzar una cultura de igualdad entre las personas, de belleza y de paz. <\/p>\n\n\n\n<p>La felicidad ser\u00e1, siempre, el m\u00e1s grande objetivo a ser buscado.\u00a0<\/p>\n\n\n\n<p><strong><strong>OBJETIVOS DEL PREMIO<\/strong><\/strong><\/p>\n\n\n\n<p>Ser un espacio de valorizaci\u00f3n y divulgaci\u00f3n de compositores, compositoras e int\u00e9rpretes de la canci\u00f3n brasile\u00f1a de diferentes generaciones, llegada de todas las regiones del pa\u00eds y cuya creaci\u00f3n po\u00e9tica y musical contemple las caracter\u00edsticas y acentos locales, regionales y nacionales.<\/p>\n\n\n\n<p>Ofrecer a la comunidad el acceso al contenido de las producciones independientes de m\u00fasicos y m\u00fasicas, cantores y cantoras, productores y productoras de varios sitios del pa\u00eds. A trav\u00e9s de una plataforma de contenido digital, de la obra colectiva Gr\u00e3o de M\u00fasica y de posibles actuaciones que pueden venir a desarrollarse como: conciertos, giras, divulgaci\u00f3n en los medios tradicionales y en el canal del Pr\u00eamio Gr\u00e3o de M\u00fasica en Youtube, entre otros.<\/p>\n","protected":false},"excerpt":{"rendered":"<p>PR\u00caMIO GR\u00c3O DE M\u00daSICA El Pr\u00eamio Gr\u00e3o de M\u00fasica es un espacio de valorizaci\u00f3n y promoci\u00f3n de la m\u00fasica brasile\u00f1a de todas las regiones del pa\u00eds y, especialmente, de los y de las artistas que la representan. Creado por la cantautora Socorro Lira, tuvo su primera edici\u00f3n en noviembre de 2014 en ceremonia realizada en [&hellip;]<\/p>\n","protected":false},"author":1,"featured_media":997,"parent":0,"menu_order":0,"comment_status":"closed","ping_status":"closed","template":"page-grao-musica.php","meta":{"footnotes":""},"class_list":["post-7","page","type-page","status-publish","has-post-thumbnail","hentry"],"_links":{"self":[{"href":"https:\/\/premiograodemusica.com.br\/es\/wp-json\/wp\/v2\/pages\/7","targetHints":{"allow":["GET"]}}],"collection":[{"href":"https:\/\/premiograodemusica.com.br\/es\/wp-json\/wp\/v2\/pages"}],"about":[{"href":"https:\/\/premiograodemusica.com.br\/es\/wp-json\/wp\/v2\/types\/page"}],"author":[{"embeddable":true,"href":"https:\/\/premiograodemusica.com.br\/es\/wp-json\/wp\/v2\/users\/1"}],"replies":[{"embeddable":true,"href":"https:\/\/premiograodemusica.com.br\/es\/wp-json\/wp\/v2\/comments?post=7"}],"version-history":[{"count":8,"href":"https:\/\/premiograodemusica.com.br\/es\/wp-json\/wp\/v2\/pages\/7\/revisions"}],"predecessor-version":[{"id":960,"href":"https:\/\/premiograodemusica.com.br\/es\/wp-json\/wp\/v2\/pages\/7\/revisions\/960"}],"wp:featuredmedia":[{"embeddable":true,"href":"https:\/\/premiograodemusica.com.br\/es\/wp-json\/wp\/v2\/media\/997"}],"wp:attachment":[{"href":"https:\/\/premiograodemusica.com.br\/es\/wp-json\/wp\/v2\/media?parent=7"}],"curies":[{"name":"wp","href":"https:\/\/api.w.org\/{rel}","templated":true}]}}