{"id":15,"date":"2020-10-08T16:51:49","date_gmt":"2020-10-08T19:51:49","guid":{"rendered":"http:\/\/localhost\/premio-grao-musica\/?page_id=15"},"modified":"2023-10-26T05:35:29","modified_gmt":"2023-10-26T08:35:29","slug":"curadoria","status":"publish","type":"page","link":"https:\/\/premiograodemusica.com.br\/es\/curadoria\/","title":{"rendered":"Curadur\u00edas"},"content":{"rendered":"\n<p>El <strong>Pr\u00eamio Gr\u00e3o de M\u00fasica<\/strong> se organiza en Nucleo Directivo, Equipo de Producci\u00f3n y Comunicaci\u00f3n y Curadur\u00edas.<\/p>\n\n\n\n<p>La Curadur\u00eda est\u00e1 compuesta por <strong>Curadur\u00edas Regionales<\/strong> formadas por personas de reconocido prestigio y que est\u00e1n en todas las regiones y en diversos Estados y de <strong>N\u00facleo de Curadur\u00eda Central<\/strong>.<\/p>\n\n\n\n<p>Los curadores y curadoras regionales, <strong>invitados por el N\u00facleo de Curadur\u00eda Central <\/strong>del PGM<strong>,<\/strong> realizan la preselecci\u00f3n e indicaci\u00f3n del material y de artistas que viven en sus respectivas \u00e1reas. Por ello, cabe a esta \u00faltima comisi\u00f3n elegir quince nombres premiados a cada a\u00f1o. Son cantautores, cantautoras, int\u00e9rpretes, etc., de todas las partes de Brasil cuyas obras y trayectorias atienden a los requisitos de la premiaci\u00f3n (ver directrices). Los miembros de las <strong>Curadur\u00edas Regionales<\/strong> son invitados a contribuir con el <strong>PGM<\/strong> por un per\u00edodo m\u00ednimo de tres a\u00f1os, pudiendo permanecer por m\u00e1s tiempo, a criterio propio.<\/p>\n\n\n\n<p>El <strong>N\u00facleo de Curadur\u00eda Central<\/strong> es formado por cinco miembros invitados por la direcci\u00f3n del PGM pudiendo cambiar, tambi\u00e9n, a cada tres a\u00f1os.<\/p>\n","protected":false},"excerpt":{"rendered":"<p>El Pr\u00eamio Gr\u00e3o de M\u00fasica se organiza en Nucleo Directivo, Equipo de Producci\u00f3n y Comunicaci\u00f3n y Curadur\u00edas. La Curadur\u00eda est\u00e1 compuesta por Curadur\u00edas Regionales formadas por personas de reconocido prestigio y que est\u00e1n en todas las regiones y en diversos Estados y de N\u00facleo de Curadur\u00eda Central. Los curadores y curadoras regionales, invitados por el [&hellip;]<\/p>\n","protected":false},"author":1,"featured_media":0,"parent":0,"menu_order":0,"comment_status":"closed","ping_status":"closed","template":"page-curadoria.php","meta":{"footnotes":""},"class_list":["post-15","page","type-page","status-publish","hentry"],"_links":{"self":[{"href":"https:\/\/premiograodemusica.com.br\/es\/wp-json\/wp\/v2\/pages\/15","targetHints":{"allow":["GET"]}}],"collection":[{"href":"https:\/\/premiograodemusica.com.br\/es\/wp-json\/wp\/v2\/pages"}],"about":[{"href":"https:\/\/premiograodemusica.com.br\/es\/wp-json\/wp\/v2\/types\/page"}],"author":[{"embeddable":true,"href":"https:\/\/premiograodemusica.com.br\/es\/wp-json\/wp\/v2\/users\/1"}],"replies":[{"embeddable":true,"href":"https:\/\/premiograodemusica.com.br\/es\/wp-json\/wp\/v2\/comments?post=15"}],"version-history":[{"count":6,"href":"https:\/\/premiograodemusica.com.br\/es\/wp-json\/wp\/v2\/pages\/15\/revisions"}],"predecessor-version":[{"id":972,"href":"https:\/\/premiograodemusica.com.br\/es\/wp-json\/wp\/v2\/pages\/15\/revisions\/972"}],"wp:attachment":[{"href":"https:\/\/premiograodemusica.com.br\/es\/wp-json\/wp\/v2\/media?parent=15"}],"curies":[{"name":"wp","href":"https:\/\/api.w.org\/{rel}","templated":true}]}}