{"id":13,"date":"2020-10-08T16:51:22","date_gmt":"2020-10-08T19:51:22","guid":{"rendered":"http:\/\/localhost\/premio-grao-musica\/?page_id=13"},"modified":"2022-06-09T12:36:40","modified_gmt":"2022-06-09T15:36:40","slug":"diretrizes","status":"publish","type":"page","link":"https:\/\/premiograodemusica.com.br\/es\/diretrizes\/","title":{"rendered":"Directrices"},"content":{"rendered":"\n<p><strong><strong>PASO-A-PASO<\/strong><\/strong><\/p>\n\n\n\n<p><strong>01.<\/strong>Cada artista o grupo invitado a recibir el <strong>Pr\u00eamio Gr\u00e3o de M\u00fasica<\/strong> deber\u00e1 tener, por lo menos, un (1) CD f\u00edsico publicado con calidad de f\u00e1brica; o un \u00e1lbum digital con un m\u00ednimo de 10 pistas en las principales plataformas digitales como Spotify, iTunes, Google play, Amazon y Deezer;<\/p>\n\n\n\n<p><strong>02.<\/strong>\u00a0La <strong>Colet\u00e2nea Gr\u00e3o de M\u00fasica<\/strong> contempla la identidad musical brasile\u00f1a en su amplia diversidad, preferencialmente con representaci\u00f3n de todas las grandes regiones del pa\u00eds;<\/p>\n\n\n\n<p><strong>03.<\/strong>\u00a0El <strong>CD Gr\u00e3o de M\u00fasica <\/strong>es impreso con calidad de f\u00e1brica, lo que presupone previa autorizaci\u00f3n de quien detiene los derechos autorales (compositores, compositoras, productoras, productores, editoras) sobre el fonograma cedido sin coste para el <strong>Pr\u00eamio Gr\u00e3o de M\u00fasica. <\/strong>El CD <strong>Gr\u00e3o de M\u00fasica<\/strong> sirve, exclusivamente, para fines promocionales sin comercializaci\u00f3n por parte del <strong>PGM<\/strong>;<\/p>\n\n\n\n<p><strong>04.<\/strong>\u00a0Los criterios de selecci\u00f3n del <strong>PGM<\/strong> consideran la contribuci\u00f3n de los y de las artistas para la cultura brasile\u00f1a, as\u00ed como su actuaci\u00f3n y trayectoria dentro y fuera del pa\u00eds;<\/p>\n\n\n\n<p><strong>05.<\/strong>\u00a0La persona artista podr\u00e1 ser galardonada con el <strong>PGM<\/strong> m\u00e1s de una vez, pasando por lo menos tres a\u00f1os entre los premios recibidos; en ese caso se eval\u00faa nueva publicaci\u00f3n de impacto positivo en el segmento musical al cual se dedica el <strong>PGM;<\/strong><\/p>\n\n\n\n<p><strong>06.<\/strong>\u00a0El galard\u00f3n est\u00e1 centrado en la persona y su<strong> trayectoria art\u00edstica<\/strong>. La comisi\u00f3n considerar\u00e1 una <strong>obra<\/strong> espec\u00edfica (CD, LP), m\u00e1s de una obra (varios CDs y LPs) y una discograf\u00eda amplia y completa;<\/p>\n\n\n\n<p><strong>07.<\/strong>\u00a0El PGM se destina, especialmente, al g\u00e9nero <strong>canci\u00f3n brasile\u00f1a<\/strong>. Se entiende por canci\u00f3n, aqu\u00ed, una obra que contenga letra y melod\u00eda, compuesta para ser cantada;<\/p>\n\n\n\n<p><strong>08.<\/strong>\u00a0La libre aceptaci\u00f3n de la invitaci\u00f3n para recibir el <strong>PGM<\/strong> y participar de la obra colectiva <strong>Gr\u00e3o de M\u00fasica<\/strong> presupone la total concordancia, por parte del galardonado o galardonada, con la disposici\u00f3n del fonograma cedido en un site de <em>streaming<\/em> para acceso gratuito por el p\u00fablico, como forma de democratizaci\u00f3n del acceso al contenido del CD. Las plataformas y la distribuidora de los \u00e1lbumes digitales anuales ser\u00e1n siempre definidas por la comisi\u00f3n organizadora del <strong>PGM<\/strong>;<\/p>\n\n\n\n<p><strong>09.<\/strong>\u00a0Una vez aceptada la invitaci\u00f3n, el artista o la artista se compromete a estar presente en la ceremonia de entrega del <strong>PGM \u2013<\/strong> en fecha y lugar definidos, anticipadamente, por la organizaci\u00f3n del galard\u00f3n; o, en caso de ausencia, indicar representante para recibir su trofeo y respectiva cuota de CDs. Cada artista se compromete aun en enviar la documentaci\u00f3n necesaria para la publicaci\u00f3n de su m\u00fasica en la obra colectiva PGM de cada a\u00f1o;<\/p>\n\n\n\n<p><strong>10.<\/strong>\u00a0Cada artista costear\u00e1 sus propios <strong>gastos con traslado<\/strong> hasta el lugar de realizaci\u00f3n de la ceremonia (pasaje, alojamiento, alimentaci\u00f3n, etc.), hasta el momento en la ciudad de S\u00e3o Paulo. El <strong>PGM<\/strong> no se responsabiliza por estos gastos, apoyando solo con las informaciones sobre la ciudad y log\u00edstica;<\/p>\n\n\n\n<p><strong>11<\/strong>. A partir del a\u00f1o 2020 la Ceremonia del PGM ocurre tambi\u00e9n en <strong>formato virtual<\/strong>, en el canal PGM en Youtube;<\/p>\n\n\n\n<p><strong>12.\u00a0<\/strong>El env\u00edo de material (CDs) no presupone, necesariamente, su selecci\u00f3n para componer la obra colectiva y recibir el galard\u00f3n en el a\u00f1o corriente o en la siguiente edici\u00f3n; todo el contenido recibido quedar\u00e1 disponible en el acervo para consultas futuras, as\u00ed como para la memoria del <strong>PGM<\/strong>;<\/p>\n\n\n\n<p><strong>13.<\/strong>\u00a0Este reglamento puede ser alterado por la comisi\u00f3n organizadora del <strong>PGM<\/strong>, a cualquier momento y sin aviso previo. Se debe considerar como norma vigente la fecha de alteraci\u00f3n m\u00e1s reciente dispuesta al fin de este reglamento;<\/p>\n\n\n\n<p><strong>14.<\/strong>\u00a0La participaci\u00f3n en el <strong>PGM<\/strong> presupone la aceptaci\u00f3n plena de este reglamento publicado en la web oficial <a href=\"http:\/\/www.premiograodemusica.com.br\">www.premiograodemusica.com.br<\/a>.<\/p>\n\n\n\n<p><strong><strong>COMPLEMENTO A LAS BASES DEL PR\u00caMIO GR\u00c3O DE M\u00daSICA<\/strong> |\u00a0<\/strong>DE 03\/ 01\/ 2021<\/p>\n\n\n\n<p><strong><strong>CURADUR\u00cdAS REGIONALES<\/strong><\/strong><\/p>\n\n\n\n<p>A partir del a\u00f1o 2018 el <strong>Pr\u00eamio Gr\u00e3o de M\u00fasica<\/strong> cuenta con las <strong>Curadur\u00edas Regionales<\/strong> distribuidas por todo el pa\u00eds. Artistas, productores y productoras culturales, agentes culturales, personas involucradas con el arte musical, en general, son invitadas a colaborar, voluntariamente, con la premiaci\u00f3n.<\/p>\n\n\n\n<p>Las curadur\u00edas regionales tienen funci\u00f3n selectiva, es decir, de hacer la primera selecci\u00f3n de los CDs y artistas que ser\u00e1n enviados a la comisi\u00f3n organizadora del <strong>PGM<\/strong>, en S\u00e3o Paulo, a cada a\u00f1o. Cabe al equipo central elegir los quince nombres galardonados en cada edici\u00f3n.<\/p>\n\n\n\n<p>A partir de 2021 el PGM pasa a considerar \u00e1lbumes digitales para an\u00e1lisis y selecci\u00f3n, sin embargo debe estar publicado en el mercado, con distribuci\u00f3n en las principales plataformas digitales, un \u00e1lbum con un m\u00ednimo de diez pistas.<\/p>\n\n\n\n<p>Curadores y curadoras har\u00e1n la ligaci\u00f3n entre artistas y el <strong>Pr\u00eamio Gr\u00e3o de M\u00fasica<\/strong>. En caso de necesidad, para contacto direto, el <strong>PGM<\/strong> mantiene la <strong>direcci\u00f3n <\/strong>abajo para correspondencia postal:<\/p>\n\n\n\n<p><strong><strong>PR\u00caMIO GR\u00c3O DE M\u00daSICA<br><\/strong><\/strong>R. Rocha, 35\/33 \u2013 Bela Vista<br>01312-010 \u2013 S\u00e3o Paulo \u2013 SP<br>E-mail <a href=\"mailto:producao@premiograodemusica.com.br\">producao@premiograodemusica.com.br<\/a>\u00a0<\/p>\n\n\n\n<p>OBS.: El PGM no se responsabiliza por posibles p\u00e9rdidas de los env\u00edos. Se recomenda enviar con Aviso de Recepci\u00f3n.<\/p>\n\n\n\n<p><strong><strong>A CERCA DE LA IDENTIDAD VISUAL PR\u00caMIO GR\u00c3O DE M\u00daSICA<\/strong><\/strong><\/p>\n\n\n\n<p>El logotipo y el trofeo del <strong>PGM<\/strong> fueron concebidos por el artista visual brasile\u00f1o <em>Elifas Andreato<\/em>. Este, consiste en una escultura que mide 30cm y pesa 3kg, fundida en bronce macizo sobre una base de m\u00e1rmol 6x6cm.<\/p>\n\n\n\n<p>Fotos del trofeo: Sabrina Pestana (Olho na Nuca).<\/p>\n\n\n\n<p>Editado en 03\/ 01\/ 2021, por coordinaci\u00f3n del Pr\u00eamio Gr\u00e3o de M\u00fasica.<\/p>\n\n\n\n<figure class=\"wp-block-image size-large\"><img loading=\"lazy\" decoding=\"async\" width=\"911\" height=\"400\" src=\"https:\/\/premiograodemusica.com.br\/wp-content\/uploads\/2021\/01\/TROFEU2.png\" alt=\"\" class=\"wp-image-662\" srcset=\"https:\/\/premiograodemusica.com.br\/wp-content\/uploads\/2021\/01\/TROFEU2.png 911w, https:\/\/premiograodemusica.com.br\/wp-content\/uploads\/2021\/01\/TROFEU2-300x132.png 300w, https:\/\/premiograodemusica.com.br\/wp-content\/uploads\/2021\/01\/TROFEU2-768x337.png 768w\" sizes=\"auto, (max-width: 911px) 100vw, 911px\" \/><\/figure>\n","protected":false},"excerpt":{"rendered":"<p>PASO-A-PASO 01.Cada artista o grupo invitado a recibir el Pr\u00eamio Gr\u00e3o de M\u00fasica deber\u00e1 tener, por lo menos, un (1) CD f\u00edsico publicado con calidad de f\u00e1brica; o un \u00e1lbum digital con un m\u00ednimo de 10 pistas en las principales plataformas digitales como Spotify, iTunes, Google play, Amazon y Deezer; 02.\u00a0La Colet\u00e2nea Gr\u00e3o de M\u00fasica [&hellip;]<\/p>\n","protected":false},"author":1,"featured_media":0,"parent":0,"menu_order":0,"comment_status":"closed","ping_status":"closed","template":"page-diretrizes.php","meta":{"footnotes":""},"class_list":["post-13","page","type-page","status-publish","hentry"],"_links":{"self":[{"href":"https:\/\/premiograodemusica.com.br\/es\/wp-json\/wp\/v2\/pages\/13","targetHints":{"allow":["GET"]}}],"collection":[{"href":"https:\/\/premiograodemusica.com.br\/es\/wp-json\/wp\/v2\/pages"}],"about":[{"href":"https:\/\/premiograodemusica.com.br\/es\/wp-json\/wp\/v2\/types\/page"}],"author":[{"embeddable":true,"href":"https:\/\/premiograodemusica.com.br\/es\/wp-json\/wp\/v2\/users\/1"}],"replies":[{"embeddable":true,"href":"https:\/\/premiograodemusica.com.br\/es\/wp-json\/wp\/v2\/comments?post=13"}],"version-history":[{"count":20,"href":"https:\/\/premiograodemusica.com.br\/es\/wp-json\/wp\/v2\/pages\/13\/revisions"}],"predecessor-version":[{"id":868,"href":"https:\/\/premiograodemusica.com.br\/es\/wp-json\/wp\/v2\/pages\/13\/revisions\/868"}],"wp:attachment":[{"href":"https:\/\/premiograodemusica.com.br\/es\/wp-json\/wp\/v2\/media?parent=13"}],"curies":[{"name":"wp","href":"https:\/\/api.w.org\/{rel}","templated":true}]}}